{"id":2086,"date":"2021-07-23T11:57:44","date_gmt":"2021-07-23T11:57:44","guid":{"rendered":"https:\/\/altorecruit.com\/privacy-policy\/"},"modified":"2023-12-29T17:33:06","modified_gmt":"2023-12-29T17:33:06","slug":"politica-de-privacidad","status":"publish","type":"page","link":"https:\/\/altorecruit.com\/es\/politica-de-privacidad\/","title":{"rendered":"Pol\u00edtica de Privacidad"},"content":{"rendered":"\t\t<div data-elementor-type=\"wp-page\" data-elementor-id=\"2086\" class=\"elementor elementor-2086 elementor-1223\" data-elementor-post-type=\"page\">\n\t\t\t\t\t\t\t\t\t<section class=\"elementor-section elementor-top-section elementor-element elementor-element-01d0e23 elementor-section-boxed elementor-section-height-default elementor-section-height-default\" data-id=\"01d0e23\" data-element_type=\"section\">\n\t\t\t\t\t\t<div class=\"elementor-container elementor-column-gap-default\">\n\t\t\t\t\t<div class=\"elementor-column elementor-col-100 elementor-top-column elementor-element elementor-element-a9f6603\" data-id=\"a9f6603\" data-element_type=\"column\">\n\t\t\t<div class=\"elementor-widget-wrap elementor-element-populated\">\n\t\t\t\t\t\t\t\t<div class=\"elementor-element elementor-element-a6523fb elementor-widget elementor-widget-text-editor\" data-id=\"a6523fb\" data-element_type=\"widget\" data-widget_type=\"text-editor.default\">\n\t\t\t\t<div class=\"elementor-widget-container\">\n\t\t\t\t\t\t\t<ol><li style=\"font-weight: 400;\" aria-level=\"1\"><strong>INFORMACI\u00d3N AL USUARIO<\/strong><\/li><\/ol><p><span style=\"font-weight: 400;\">Carmelo P\u00e9rez Medina, como Responsable del Tratamiento, le informa que, seg\u00fan lo dispuesto en el Reglamento (UE) 2016\/679, de 27 de abril, (RGPD) y en la L.O. 3\/2018, de 5 de diciembre, de protecci\u00f3n de datos y garant\u00eda de los derechos digitales (LOPDGDD), trataremos su datos tal y como reflejamos en la presente Pol\u00edtica de Privacidad.<\/span><\/p><p><span style=\"font-weight: 400;\">En esta Pol\u00edtica de Privacidad describimos c\u00f3mo recogemos sus datos personales y por qu\u00e9 los recogemos, qu\u00e9 hacemos con ellos, con qui\u00e9n los compartimos, c\u00f3mo los protegemos y sus opciones en cuanto al tratamiento de sus datos personales.<\/span><\/p><p><span style=\"font-weight: 400;\">Esta Pol\u00edtica se aplica al tratamiento de sus datos personales recogidos por la empresa para la prestaci\u00f3n de sus servicios. Si acepta las medidas de esta Pol\u00edtica, acepta que tratemos sus datos personales como se define en esta Pol\u00edtica.<\/span><\/p><ol><li style=\"font-weight: 400;\" aria-level=\"1\"><strong>CONTACTO<\/strong><\/li><\/ol><p><span style=\"font-weight: 400;\">Denominaci\u00f3n social: CARMELO L. PEREZ MEDINA<\/span><span style=\"font-weight: 400;\"><br \/><\/span><span style=\"font-weight: 400;\">Nombre comercial: <\/span><span style=\"font-weight: 400;\">ALTORECRUIT SLU<\/span><span style=\"font-weight: 400;\"><br \/><\/span><span style=\"font-weight: 400;\">CIF:<\/span><span style=\"font-weight: 400;\"> B09624636<\/span><\/p><p><span style=\"font-weight: 400;\">Domicilio: Calle Buzo, 5 Esq, Calle Ganadero, 35219 Salinetas, Las Palmas <\/span><span style=\"font-weight: 400;\"><br \/><\/span><span style=\"font-weight: 400;\">e-mail: <\/span><a href=\"mailto:info@altorecruit.com\"><span style=\"font-weight: 400;\">info@altorecruit.com<\/span><\/a><\/p><p>\u00a0<\/p><ol><li style=\"font-weight: 400;\" aria-level=\"1\"><strong>PRINCIPIOS CLAVE<\/strong><\/li><\/ol><p><span style=\"font-weight: 400;\">Siempre hemos estado comprometidos con prestar nuestros servicios con el m\u00e1s alto grado de calidad, lo que incluye tratar sus datos con seguridad y transparencia. Nuestros principios son:<\/span><\/p><ul><li style=\"font-weight: 400;\" aria-level=\"1\"><span style=\"font-weight: 400;\">Legalidad: Solo recopilaremos sus Datos personales para fines espec\u00edficos, expl\u00edcitos y leg\u00edtimos.<\/span><ul><li style=\"font-weight: 400;\" aria-level=\"2\"><span style=\"font-weight: 400;\">Minimizaci\u00f3n de datos: Limitamos la recogida de datos de car\u00e1cter personal a lo que es estrictamente relevante y necesario para los fines para los que se han recopilado.<\/span><\/li><li style=\"font-weight: 400;\" aria-level=\"2\"><span style=\"font-weight: 400;\">Limitaci\u00f3n de la Finalidad: Solo recogeremos sus datos personales para los fines declarados y solo seg\u00fan sus deseos.<\/span><\/li><li style=\"font-weight: 400;\" aria-level=\"2\"><span style=\"font-weight: 400;\">Precisi\u00f3n: Mantendremos sus datos personales exactos y actualizados.<\/span><\/li><li style=\"font-weight: 400;\" aria-level=\"2\"><span style=\"font-weight: 400;\">Seguridad de los Datos: Aplicamos las medidas t\u00e9cnicas y organizativas adecuadas y proporcionales a los riesgos para garantizar que sus datos no sufran da\u00f1os, tales como divulgaci\u00f3n o acceso no autorizado, la destrucci\u00f3n accidental o il\u00edcita o su p\u00e9rdida accidental o alteraci\u00f3n y cualquier otra forma de tratamiento il\u00edcito.<\/span><\/li><li style=\"font-weight: 400;\" aria-level=\"2\"><span style=\"font-weight: 400;\">Acceso y Rectificaci\u00f3n: Disponemos de medios para que acceda o rectifique sus datos cuando lo considere oportuno.<\/span><\/li><li style=\"font-weight: 400;\" aria-level=\"2\"><span style=\"font-weight: 400;\">Conservaci\u00f3n: Conservamos sus datos personales de manera legal y apropiada y solo mientras es necesario para los fines para los que se han recopilado.<\/span><\/li><li style=\"font-weight: 400;\" aria-level=\"2\"><span style=\"font-weight: 400;\">Las transferencias internacionales: cuando se d\u00e9 el caso de que sus datos vayan a ser transferidos fuera de la UE\/EEE se proteger\u00e1n adecuadamente.<\/span><\/li><li style=\"font-weight: 400;\" aria-level=\"2\"><span style=\"font-weight: 400;\">Terceros: El acceso y transferencia de datos personales a terceros se llevan a cabo de acuerdo con las leyes y reglamentos aplicables y con las garant\u00edas contractuales adecuadas.<\/span><\/li><li style=\"font-weight: 400;\" aria-level=\"2\"><span style=\"font-weight: 400;\">Marketing Directo y cookies: Cumplimos con la legislaci\u00f3n aplicable en materia de publicidad y cookies.<\/span><\/li><\/ul><\/li><\/ul><ol><li style=\"font-weight: 400;\" aria-level=\"1\"><strong>RECOGIDA Y TRATAMIENTO DE SUS DATOS PERSONALES<\/strong><\/li><\/ol><p><span style=\"font-weight: 400;\">Las tipos de datos que se pueden solicitar y tratar son:<\/span><\/p><ul><li style=\"font-weight: 400;\" aria-level=\"1\"><span style=\"font-weight: 400;\">Datos de car\u00e1cter identificativo.<\/span><\/li><\/ul><p><span style=\"font-weight: 400;\">Tambi\u00e9n recogemos de forma autom\u00e1tica datos sobre su visita a nuestro sitio web\u00a0 seg\u00fan se describe en la pol\u00edtica de cookies.<\/span><\/p><p><span style=\"font-weight: 400;\">Siempre que solicitemos sus Datos personales, le informaremos con claridad de qu\u00e9 datos personales recogemos y con qu\u00e9 fin. En general, recogemos y tratamos sus datos personales con el prop\u00f3sito de:<\/span><\/p><ul><li style=\"font-weight: 400;\" aria-level=\"1\"><span style=\"font-weight: 400;\">Proporcionar informaci\u00f3n, servicios, productos, informaci\u00f3n relevante y novedades en el sector.<\/span><\/li><li style=\"font-weight: 400;\" aria-level=\"1\"><span style=\"font-weight: 400;\">Env\u00edo de comunicaciones.<\/span><\/li><\/ul><ol><li style=\"font-weight: 400;\" aria-level=\"1\"><strong>LEGITIMIDAD<\/strong><\/li><\/ol><p><span style=\"font-weight: 400;\">De acuerdo con la normativa de protecci\u00f3n de datos aplicable, sus datos personales podr\u00e1n tratarse siempre que:<\/span><\/p><ul><li style=\"font-weight: 400;\" aria-level=\"1\"><span style=\"font-weight: 400;\">Nos ha dado su consentimiento a los efectos del tratamiento. Por supuesto podr\u00e1 retirar su consentimiento en cualquier momento.<\/span><\/li><li style=\"font-weight: 400;\" aria-level=\"1\"><span style=\"font-weight: 400;\">Por requerimiento legal.<\/span><\/li><li style=\"font-weight: 400;\" aria-level=\"1\"><span style=\"font-weight: 400;\">Por exisitr un inter\u00e9s leg\u00edtimo que no se vea menoscabado por sus derechos de privacidad, como por ejemplo el env\u00edo de informaci\u00f3n comercial bien por suscripci\u00f3n a nuestra newsletter o por su condici\u00f3n de cliente.<\/span><\/li><li style=\"font-weight: 400;\" aria-level=\"1\"><span style=\"font-weight: 400;\">Por se necesaria para la prestaci\u00f3n de alguno de nuestros servicios mediante relaci\u00f3n contractual entre usted y nosotros.<\/span><\/li><\/ul><ol><li style=\"font-weight: 400;\" aria-level=\"1\"><strong>COMUNICACI\u00d3N DE DATOS PERSONALES<\/strong><\/li><\/ol><p><span style=\"font-weight: 400;\">Los datos pueden ser comunicados a empresas relacionadas con Carmelo P\u00e9rez Medina para la prestaci\u00f3n de los diversos servicios en calidad de Encargados del Tratamiento. La empresa no realizar\u00e1 ninguna cesi\u00f3n, salvo por obligaci\u00f3n legal.<\/span><\/p><ol><li style=\"font-weight: 400;\" aria-level=\"1\"><strong>SUS DERECHOS<\/strong><\/li><\/ol><p><span style=\"font-weight: 400;\">En relaci\u00f3n con la recogida y tratamiento de sus datos personales, puede ponerse en contacto con nosotros en cualquier momento para:<\/span><\/p><ul><li style=\"font-weight: 400;\" aria-level=\"1\"><span style=\"font-weight: 400;\">Acceder a sus datos personales y a cualquier otra informaci\u00f3n indicada en el Art\u00edculo 15.1 del RGPD.<\/span><\/li><li style=\"font-weight: 400;\" aria-level=\"1\"><span style=\"font-weight: 400;\">Rectificar sus datos personales que sean inexactos o est\u00e9n incompletos de acuerdo con el Art\u00edculo 16 del RGPD.<\/span><\/li><li style=\"font-weight: 400;\" aria-level=\"1\"><span style=\"font-weight: 400;\">Suprimir sus datos personales de acuerdo con el Art\u00edculo 17 del RGPD.<\/span><\/li><li style=\"font-weight: 400;\" aria-level=\"1\"><span style=\"font-weight: 400;\">Limitar el tratamiento de sus datos personales de acuerdo con el Art\u00edculo 18 del RGPD.<\/span><\/li><li style=\"font-weight: 400;\" aria-level=\"1\"><span style=\"font-weight: 400;\">Solicitar la portabilidad de sus datos de acuerdo con el Art\u00edculo 20 del <\/span><a href=\"https:\/\/presencialismo.com\/\"><span style=\"font-weight: 400;\">RGPD<\/span><\/a><span style=\"font-weight: 400;\">.<\/span><\/li><li style=\"font-weight: 400;\" aria-level=\"1\"><span style=\"font-weight: 400;\">Oponerse al tratamiento de sus datos personales de acuerdo con el art\u00edculo 21 del RGPD.<\/span><\/li><\/ul><p><span style=\"font-weight: 400;\">Si ha otorgado su consentimiento para alguna finalidad concreta, tiene derecho a retirar el consentimiento otorgado en cualquier momento, sin que ello afecte a la licitud del tratamiento basado en el consentimiento previo a su retirada <\/span><a href=\"https:\/\/presencialismo.com\/\"><span style=\"font-weight: 400;\">rrhh<\/span><\/a><span style=\"font-weight: 400;\">.<\/span><\/p><p><span style=\"font-weight: 400;\">Puede ejercer estos derechos enviando comunicaci\u00f3n, motivada y acreditada, a <\/span><span style=\"font-weight: 400;\">info@altrecruit.com<\/span><\/p><p><span style=\"font-weight: 400;\">Tambi\u00e9n tiene derecho a presentar una reclamaci\u00f3n ante la Autoridad de control competente (<\/span><a href=\"https:\/\/aepd.es\/\"><span style=\"font-weight: 400;\">www.aepd.es<\/span><\/a><span style=\"font-weight: 400;\">) si considera que el tratamiento no se ajusta a la normativa vigente.<\/span><\/p><ol><li style=\"font-weight: 400;\" aria-level=\"1\"><strong>INFORMACI\u00d3N LEGAL<\/strong><\/li><\/ol><p><span style=\"font-weight: 400;\">Los requisitos de esta Pol\u00edtica complementan, y no reemplazan, cualquier otro requisito existente bajo la ley de protecci\u00f3n de datos aplicable, que ser\u00e1 la que prevalezca en cualquier caso.<\/span><\/p><p><span style=\"font-weight: 400;\">Esta Pol\u00edtica est\u00e1 sujeta a revisiones peri\u00f3dicas y la empresa puede modificarla en cualquier momento. Cuando esto ocurra, le avisaremos de cualquier cambio y le pediremos que vuelva a leer la versi\u00f3n m\u00e1s reciente de nuestra Pol\u00edtica y que confirme su aceptaci\u00f3n.<\/span><\/p>\t\t\t\t\t\t<\/div>\n\t\t\t\t<\/div>\n\t\t\t\t\t<\/div>\n\t\t<\/div>\n\t\t\t\t\t\t\t<\/div>\n\t\t<\/section>\n\t\t\t\t\t\t\t<\/div>\n\t\t","protected":false},"excerpt":{"rendered":"<p>INFORMACI\u00d3N AL USUARIO Carmelo P\u00e9rez Medina, como Responsable del Tratamiento, le informa que, seg\u00fan lo dispuesto en el Reglamento (UE) 2016\/679, de 27 de abril, (RGPD) y en la L.O. 3\/2018, de 5 de diciembre, de protecci\u00f3n de datos y garant\u00eda de los derechos digitales (LOPDGDD), trataremos su datos tal y como reflejamos en la [&hellip;]<\/p>\n","protected":false},"author":6,"featured_media":0,"parent":0,"menu_order":0,"comment_status":"closed","ping_status":"closed","template":"","meta":{"footnotes":""},"yoast_head":"<!-- This site is optimized with the Yoast SEO plugin v21.7 - https:\/\/yoast.com\/wordpress\/plugins\/seo\/ -->\n<title>Pol\u00edtica de Privacidad - Altorecruit<\/title>\n<meta name=\"robots\" content=\"noindex, nofollow\" \/>\n<meta property=\"og:locale\" content=\"es_ES\" \/>\n<meta property=\"og:type\" content=\"article\" \/>\n<meta property=\"og:title\" content=\"Pol\u00edtica de Privacidad - Altorecruit\" \/>\n<meta property=\"og:description\" content=\"INFORMACI\u00d3N AL USUARIO Carmelo P\u00e9rez Medina, como Responsable del Tratamiento, le informa que, seg\u00fan lo dispuesto en el Reglamento (UE) 2016\/679, de 27 de abril, (RGPD) y en la L.O. 3\/2018, de 5 de diciembre, de protecci\u00f3n de datos y garant\u00eda de los derechos digitales (LOPDGDD), trataremos su datos tal y como reflejamos en la [&hellip;]\" \/>\n<meta property=\"og:url\" content=\"https:\/\/altorecruit.com\/es\/politica-de-privacidad\/\" \/>\n<meta property=\"og:site_name\" content=\"Altorecruit\" \/>\n<meta property=\"article:modified_time\" content=\"2023-12-29T17:33:06+00:00\" \/>\n<meta property=\"og:image\" content=\"https:\/\/altorecruit.com\/wp-content\/uploads\/2020\/02\/cropped-cropped-altore-2-1.png\" \/>\n\t<meta property=\"og:image:width\" content=\"512\" \/>\n\t<meta property=\"og:image:height\" content=\"512\" \/>\n\t<meta property=\"og:image:type\" content=\"image\/png\" \/>\n<meta name=\"twitter:card\" content=\"summary_large_image\" \/>\n<meta name=\"twitter:label1\" content=\"Tiempo de lectura\" \/>\n\t<meta name=\"twitter:data1\" content=\"5 minutos\" \/>\n<script type=\"application\/ld+json\" class=\"yoast-schema-graph\">{\"@context\":\"https:\/\/schema.org\",\"@graph\":[{\"@type\":\"WebPage\",\"@id\":\"https:\/\/altorecruit.com\/es\/politica-de-privacidad\/\",\"url\":\"https:\/\/altorecruit.com\/es\/politica-de-privacidad\/\",\"name\":\"Pol\u00edtica de Privacidad - Altorecruit\",\"isPartOf\":{\"@id\":\"https:\/\/altorecruit.com\/es\/#website\"},\"datePublished\":\"2021-07-23T11:57:44+00:00\",\"dateModified\":\"2023-12-29T17:33:06+00:00\",\"breadcrumb\":{\"@id\":\"https:\/\/altorecruit.com\/es\/politica-de-privacidad\/#breadcrumb\"},\"inLanguage\":\"es\",\"potentialAction\":[{\"@type\":\"ReadAction\",\"target\":[\"https:\/\/altorecruit.com\/es\/politica-de-privacidad\/\"]}]},{\"@type\":\"BreadcrumbList\",\"@id\":\"https:\/\/altorecruit.com\/es\/politica-de-privacidad\/#breadcrumb\",\"itemListElement\":[{\"@type\":\"ListItem\",\"position\":1,\"name\":\"Portada\",\"item\":\"https:\/\/altorecruit.com\/es\/\"},{\"@type\":\"ListItem\",\"position\":2,\"name\":\"Pol\u00edtica de Privacidad\"}]},{\"@type\":\"WebSite\",\"@id\":\"https:\/\/altorecruit.com\/es\/#website\",\"url\":\"https:\/\/altorecruit.com\/es\/\",\"name\":\"Altorecruit\",\"description\":\"International Recruitment Specialists\",\"publisher\":{\"@id\":\"https:\/\/altorecruit.com\/es\/#organization\"},\"potentialAction\":[{\"@type\":\"SearchAction\",\"target\":{\"@type\":\"EntryPoint\",\"urlTemplate\":\"https:\/\/altorecruit.com\/es\/?s={search_term_string}\"},\"query-input\":\"required name=search_term_string\"}],\"inLanguage\":\"es\"},{\"@type\":\"Organization\",\"@id\":\"https:\/\/altorecruit.com\/es\/#organization\",\"name\":\"Altorecruit\",\"url\":\"https:\/\/altorecruit.com\/es\/\",\"logo\":{\"@type\":\"ImageObject\",\"inLanguage\":\"es\",\"@id\":\"https:\/\/altorecruit.com\/es\/#\/schema\/logo\/image\/\",\"url\":\"https:\/\/altorecruit.com\/wp-content\/uploads\/2020\/02\/Logo-personal.png\",\"contentUrl\":\"https:\/\/altorecruit.com\/wp-content\/uploads\/2020\/02\/Logo-personal.png\",\"width\":747,\"height\":162,\"caption\":\"Altorecruit\"},\"image\":{\"@id\":\"https:\/\/altorecruit.com\/es\/#\/schema\/logo\/image\/\"},\"sameAs\":[\"https:\/\/www.linkedin.com\/company\/altorecruit\/\"]}]}<\/script>\n<!-- \/ Yoast SEO plugin. -->","yoast_head_json":{"title":"Pol\u00edtica de Privacidad - Altorecruit","robots":{"index":"noindex","follow":"nofollow"},"og_locale":"es_ES","og_type":"article","og_title":"Pol\u00edtica de Privacidad - Altorecruit","og_description":"INFORMACI\u00d3N AL USUARIO Carmelo P\u00e9rez Medina, como Responsable del Tratamiento, le informa que, seg\u00fan lo dispuesto en el Reglamento (UE) 2016\/679, de 27 de abril, (RGPD) y en la L.O. 3\/2018, de 5 de diciembre, de protecci\u00f3n de datos y garant\u00eda de los derechos digitales (LOPDGDD), trataremos su datos tal y como reflejamos en la [&hellip;]","og_url":"https:\/\/altorecruit.com\/es\/politica-de-privacidad\/","og_site_name":"Altorecruit","article_modified_time":"2023-12-29T17:33:06+00:00","og_image":[{"width":512,"height":512,"url":"https:\/\/altorecruit.com\/wp-content\/uploads\/2020\/02\/cropped-cropped-altore-2-1.png","type":"image\/png"}],"twitter_card":"summary_large_image","twitter_misc":{"Tiempo de lectura":"5 minutos"},"schema":{"@context":"https:\/\/schema.org","@graph":[{"@type":"WebPage","@id":"https:\/\/altorecruit.com\/es\/politica-de-privacidad\/","url":"https:\/\/altorecruit.com\/es\/politica-de-privacidad\/","name":"Pol\u00edtica de Privacidad - Altorecruit","isPartOf":{"@id":"https:\/\/altorecruit.com\/es\/#website"},"datePublished":"2021-07-23T11:57:44+00:00","dateModified":"2023-12-29T17:33:06+00:00","breadcrumb":{"@id":"https:\/\/altorecruit.com\/es\/politica-de-privacidad\/#breadcrumb"},"inLanguage":"es","potentialAction":[{"@type":"ReadAction","target":["https:\/\/altorecruit.com\/es\/politica-de-privacidad\/"]}]},{"@type":"BreadcrumbList","@id":"https:\/\/altorecruit.com\/es\/politica-de-privacidad\/#breadcrumb","itemListElement":[{"@type":"ListItem","position":1,"name":"Portada","item":"https:\/\/altorecruit.com\/es\/"},{"@type":"ListItem","position":2,"name":"Pol\u00edtica de Privacidad"}]},{"@type":"WebSite","@id":"https:\/\/altorecruit.com\/es\/#website","url":"https:\/\/altorecruit.com\/es\/","name":"Altorecruit","description":"International Recruitment Specialists","publisher":{"@id":"https:\/\/altorecruit.com\/es\/#organization"},"potentialAction":[{"@type":"SearchAction","target":{"@type":"EntryPoint","urlTemplate":"https:\/\/altorecruit.com\/es\/?s={search_term_string}"},"query-input":"required name=search_term_string"}],"inLanguage":"es"},{"@type":"Organization","@id":"https:\/\/altorecruit.com\/es\/#organization","name":"Altorecruit","url":"https:\/\/altorecruit.com\/es\/","logo":{"@type":"ImageObject","inLanguage":"es","@id":"https:\/\/altorecruit.com\/es\/#\/schema\/logo\/image\/","url":"https:\/\/altorecruit.com\/wp-content\/uploads\/2020\/02\/Logo-personal.png","contentUrl":"https:\/\/altorecruit.com\/wp-content\/uploads\/2020\/02\/Logo-personal.png","width":747,"height":162,"caption":"Altorecruit"},"image":{"@id":"https:\/\/altorecruit.com\/es\/#\/schema\/logo\/image\/"},"sameAs":["https:\/\/www.linkedin.com\/company\/altorecruit\/"]}]}},"_links":{"self":[{"href":"https:\/\/altorecruit.com\/es\/wp-json\/wp\/v2\/pages\/2086"}],"collection":[{"href":"https:\/\/altorecruit.com\/es\/wp-json\/wp\/v2\/pages"}],"about":[{"href":"https:\/\/altorecruit.com\/es\/wp-json\/wp\/v2\/types\/page"}],"author":[{"embeddable":true,"href":"https:\/\/altorecruit.com\/es\/wp-json\/wp\/v2\/users\/6"}],"replies":[{"embeddable":true,"href":"https:\/\/altorecruit.com\/es\/wp-json\/wp\/v2\/comments?post=2086"}],"version-history":[{"count":4,"href":"https:\/\/altorecruit.com\/es\/wp-json\/wp\/v2\/pages\/2086\/revisions"}],"predecessor-version":[{"id":2090,"href":"https:\/\/altorecruit.com\/es\/wp-json\/wp\/v2\/pages\/2086\/revisions\/2090"}],"wp:attachment":[{"href":"https:\/\/altorecruit.com\/es\/wp-json\/wp\/v2\/media?parent=2086"}],"curies":[{"name":"wp","href":"https:\/\/api.w.org\/{rel}","templated":true}]}}