{"id":2081,"date":"2021-07-23T11:53:21","date_gmt":"2021-07-23T11:53:21","guid":{"rendered":"https:\/\/altorecruit.com\/cookies-policy\/"},"modified":"2023-12-29T17:30:27","modified_gmt":"2023-12-29T17:30:27","slug":"politica-de-cookies","status":"publish","type":"page","link":"https:\/\/altorecruit.com\/es\/politica-de-cookies\/","title":{"rendered":"Pol\u00edtica de Cookies"},"content":{"rendered":"\t\t<div data-elementor-type=\"wp-page\" data-elementor-id=\"2081\" class=\"elementor elementor-2081 elementor-1214\" data-elementor-post-type=\"page\">\n\t\t\t\t\t\t\t\t\t<section class=\"elementor-section elementor-top-section elementor-element elementor-element-a33295f elementor-section-boxed elementor-section-height-default elementor-section-height-default\" data-id=\"a33295f\" data-element_type=\"section\">\n\t\t\t\t\t\t<div class=\"elementor-container elementor-column-gap-default\">\n\t\t\t\t\t<div class=\"elementor-column elementor-col-100 elementor-top-column elementor-element elementor-element-93d05e0\" data-id=\"93d05e0\" data-element_type=\"column\">\n\t\t\t<div class=\"elementor-widget-wrap elementor-element-populated\">\n\t\t\t\t\t\t\t\t<div class=\"elementor-element elementor-element-e365f9a elementor-widget elementor-widget-text-editor\" data-id=\"e365f9a\" data-element_type=\"widget\" data-widget_type=\"text-editor.default\">\n\t\t\t\t<div class=\"elementor-widget-container\">\n\t\t\t\t\t\t\t<p><span style=\"font-weight: 400;\">Las cookies son peque\u00f1as cantidades de informaci\u00f3n que se almacenan en el navegador utilizado por cada usuario para que el servidor recuerde cierta informaci\u00f3n que posteriormente pueda utilizar.<\/span><\/p><p><strong>TIPOS DE COOKIES QUE UTILIZAMOS<\/strong><\/p><p><span style=\"font-weight: 400;\">Esta p\u00e1gina web utiliza cookies de terceros que son aquellas que se env\u00edan a tu ordenador o terminal desde un dominio o una p\u00e1gina web que no es gestionada por nosotros, sino por otra entidad que trata los datos obtenidos a trav\u00e9s de las cookies.<\/span><\/p><p><span style=\"font-weight: 400;\">En este caso las Cookies son utilizadas con fines estad\u00edsticos relacionados con las visitas que recibe y las p\u00e1ginas que se consultan, quedando aceptado su uso al navegar por ella.<\/span><\/p><table><tbody><tr><td><p><span style=\"font-weight: 400;\">COOKIE<\/span><span style=\"font-weight: 400;\"><br \/><\/span><span style=\"font-weight: 400;\">(Y PROVEEDOR)<\/span><\/p><\/td><td><p><span style=\"font-weight: 400;\">DURACI\u00d3N<\/span><\/p><\/td><td><p><span style=\"font-weight: 400;\">DESCRIPCI\u00d3N<\/span><\/p><\/td><\/tr><tr><td><p><span style=\"font-weight: 400;\">__cfduid (notin.es)<\/span><\/p><\/td><td><p><span style=\"font-weight: 400;\">Sesi\u00f3n<\/span><\/p><\/td><td><p><span style=\"font-weight: 400;\">Publicidad<\/span><\/p><\/td><\/tr><tr><td><p><span style=\"font-weight: 400;\">personalization_id (twitter.com)<\/span><\/p><\/td><td><p><span style=\"font-weight: 400;\">Sesi\u00f3n<\/span><\/p><\/td><td><p><span style=\"font-weight: 400;\">Twitter<\/span><\/p><\/td><\/tr><tr><td><p><span style=\"font-weight: 400;\">Facebook<\/span><\/p><\/td><td><p><span style=\"font-weight: 400;\">Publicidad, estad\u00edsticas y mediciones<\/span><\/p><\/td><td><p><span style=\"font-weight: 400;\">Coloca Cookies en el ordenador o dispositivo y recibe la informaci\u00f3n almacenada en ellas cuando utilizas o visitas servicios prestados por otras empresas que utilizan los servicios de Facebook.<\/span><\/p><\/td><\/tr><tr><td><p><span style=\"font-weight: 400;\">_ga (Google)<\/span><\/p><\/td><td><p><span style=\"font-weight: 400;\">2 a\u00f1os<\/span><\/p><\/td><td><p><span style=\"font-weight: 400;\">Se usa para distinguir a los usuarios.<\/span><\/p><\/td><\/tr><tr><td><p><span style=\"font-weight: 400;\">_gid (Google)<\/span><\/p><\/td><td><p><span style=\"font-weight: 400;\">24 horas<\/span><\/p><\/td><td><p><span style=\"font-weight: 400;\">Se usa para distinguir a los usuarios.<\/span><\/p><\/td><\/tr><tr><td><p><span style=\"font-weight: 400;\">_gat (Google)<\/span><\/p><\/td><td><p><span style=\"font-weight: 400;\">1 minuto<\/span><\/p><\/td><td><p><span style=\"font-weight: 400;\">Se usa para limitar el porcentaje de solicitudes. Si has implementado Google Analytics mediante Google Tag Manager, esta cookie se llamar\u00e1 _dc_gtm_&lt;property-id&gt;.<\/span><\/p><\/td><\/tr><tr><td><p><span style=\"font-weight: 400;\">_gali (Google)<\/span><\/p><\/td><td><p><span style=\"font-weight: 400;\">30s<\/span><\/p><\/td><td><p><span style=\"font-weight: 400;\">Atribuci\u00f3n de enlace mejorada.<\/span><\/p><\/td><\/tr><tr><td><p><span style=\"font-weight: 400;\">_unam (SHARETHIS)<\/span><\/p><\/td><td><p><span style=\"font-weight: 400;\">Persistente<\/span><\/p><\/td><td><p><span style=\"font-weight: 400;\">Su finalidad es cuantificar el n\u00famero de Usuarios que comparten un determinado contenido y cu\u00e1ntas p\u00e1ginas web son visitadas a ra\u00edz de esa acci\u00f3n.<\/span><\/p><\/td><\/tr><tr><td><p><span style=\"font-weight: 400;\">WordPress<\/span><\/p><\/td><td><p><span style=\"font-weight: 400;\">2 a\u00f1os<\/span><\/p><\/td><td><p><span style=\"font-weight: 400;\">Utilizado para el correcto funcionamiento del gestor de contenido WordPress.<\/span><\/p><\/td><\/tr><\/tbody><\/table><p><span style=\"font-weight: 400;\">Si desea m\u00e1s informaci\u00f3n sobre los tipos de cookies de seguimiento y an\u00e1lisis de datos de Google <\/span><a href=\"https:\/\/www.google.com\/intl\/es_es\/policies\/technologies\/types\/\"><span style=\"font-weight: 400;\">haga clic aqu\u00ed<\/span><\/a><span style=\"font-weight: 400;\">.<\/span><\/p><p><span style=\"font-weight: 400;\">Para informarse sobre c\u00f3mo eliminar las cookies de su explorador:<\/span><\/p><ul><li style=\"font-weight: 400;\" aria-level=\"1\"><a href=\"https:\/\/support.mozilla.org\/es\/kb\/habilitar-y-deshabilitar-cookies-sitios-web-rastrear-preferencias\"><span style=\"font-weight: 400;\">Firefox<\/span><\/a><\/li><li style=\"font-weight: 400;\" aria-level=\"1\"><a href=\"https:\/\/support.google.com\/chrome\/answer\/95647?hl=es\"><span style=\"font-weight: 400;\">Chrome<\/span><\/a><\/li><li style=\"font-weight: 400;\" aria-level=\"1\"><a href=\"https:\/\/support.microsoft.com\/es-es\/topic\/eliminar-y-administrar-cookies-168dab11-0753-043d-7c16-ede5947fc64d\"><span style=\"font-weight: 400;\">Internet Explorer<\/span><\/a><\/li><li style=\"font-weight: 400;\" aria-level=\"1\"><a href=\"https:\/\/support.apple.com\/kb\/PH19214?viewlocale=es_ES&amp;locale=es_ES\"><span style=\"font-weight: 400;\">Safari<\/span><\/a><\/li><li style=\"font-weight: 400;\" aria-level=\"1\"><a href=\"https:\/\/www.allaboutcookies.org\/es\/administrar-las-cookies\/opera.html\"><span style=\"font-weight: 400;\">Opera<\/span><\/a><\/li><\/ul>\t\t\t\t\t\t<\/div>\n\t\t\t\t<\/div>\n\t\t\t\t\t<\/div>\n\t\t<\/div>\n\t\t\t\t\t\t\t<\/div>\n\t\t<\/section>\n\t\t\t\t\t\t\t<\/div>\n\t\t","protected":false},"excerpt":{"rendered":"<p>Las cookies son peque\u00f1as cantidades de informaci\u00f3n que se almacenan en el navegador utilizado por cada usuario para que el servidor recuerde cierta informaci\u00f3n que posteriormente pueda utilizar. TIPOS DE COOKIES QUE UTILIZAMOS Esta p\u00e1gina web utiliza cookies de terceros que son aquellas que se env\u00edan a tu ordenador o terminal desde un dominio o [&hellip;]<\/p>\n","protected":false},"author":6,"featured_media":0,"parent":0,"menu_order":0,"comment_status":"closed","ping_status":"closed","template":"","meta":{"footnotes":""},"yoast_head":"<!-- This site is optimized with the Yoast SEO plugin v21.7 - https:\/\/yoast.com\/wordpress\/plugins\/seo\/ -->\n<title>Pol\u00edtica de Cookies - Altorecruit<\/title>\n<meta name=\"robots\" content=\"noindex, nofollow\" \/>\n<meta property=\"og:locale\" content=\"es_ES\" \/>\n<meta property=\"og:type\" content=\"article\" \/>\n<meta property=\"og:title\" content=\"Pol\u00edtica de Cookies - Altorecruit\" \/>\n<meta property=\"og:description\" content=\"Las cookies son peque\u00f1as cantidades de informaci\u00f3n que se almacenan en el navegador utilizado por cada usuario para que el servidor recuerde cierta informaci\u00f3n que posteriormente pueda utilizar. TIPOS DE COOKIES QUE UTILIZAMOS Esta p\u00e1gina web utiliza cookies de terceros que son aquellas que se env\u00edan a tu ordenador o terminal desde un dominio o [&hellip;]\" \/>\n<meta property=\"og:url\" content=\"https:\/\/altorecruit.com\/es\/politica-de-cookies\/\" \/>\n<meta property=\"og:site_name\" content=\"Altorecruit\" \/>\n<meta property=\"article:modified_time\" content=\"2023-12-29T17:30:27+00:00\" \/>\n<meta property=\"og:image\" content=\"https:\/\/altorecruit.com\/wp-content\/uploads\/2020\/02\/cropped-cropped-altore-2-1.png\" \/>\n\t<meta property=\"og:image:width\" content=\"512\" \/>\n\t<meta property=\"og:image:height\" content=\"512\" \/>\n\t<meta property=\"og:image:type\" content=\"image\/png\" \/>\n<meta name=\"twitter:card\" content=\"summary_large_image\" \/>\n<meta name=\"twitter:label1\" content=\"Tiempo de lectura\" \/>\n\t<meta name=\"twitter:data1\" content=\"2 minutos\" \/>\n<script type=\"application\/ld+json\" class=\"yoast-schema-graph\">{\"@context\":\"https:\/\/schema.org\",\"@graph\":[{\"@type\":\"WebPage\",\"@id\":\"https:\/\/altorecruit.com\/es\/politica-de-cookies\/\",\"url\":\"https:\/\/altorecruit.com\/es\/politica-de-cookies\/\",\"name\":\"Pol\u00edtica de Cookies - Altorecruit\",\"isPartOf\":{\"@id\":\"https:\/\/altorecruit.com\/es\/#website\"},\"datePublished\":\"2021-07-23T11:53:21+00:00\",\"dateModified\":\"2023-12-29T17:30:27+00:00\",\"breadcrumb\":{\"@id\":\"https:\/\/altorecruit.com\/es\/politica-de-cookies\/#breadcrumb\"},\"inLanguage\":\"es\",\"potentialAction\":[{\"@type\":\"ReadAction\",\"target\":[\"https:\/\/altorecruit.com\/es\/politica-de-cookies\/\"]}]},{\"@type\":\"BreadcrumbList\",\"@id\":\"https:\/\/altorecruit.com\/es\/politica-de-cookies\/#breadcrumb\",\"itemListElement\":[{\"@type\":\"ListItem\",\"position\":1,\"name\":\"Portada\",\"item\":\"https:\/\/altorecruit.com\/es\/\"},{\"@type\":\"ListItem\",\"position\":2,\"name\":\"Pol\u00edtica de Cookies\"}]},{\"@type\":\"WebSite\",\"@id\":\"https:\/\/altorecruit.com\/es\/#website\",\"url\":\"https:\/\/altorecruit.com\/es\/\",\"name\":\"Altorecruit\",\"description\":\"International Recruitment Specialists\",\"publisher\":{\"@id\":\"https:\/\/altorecruit.com\/es\/#organization\"},\"potentialAction\":[{\"@type\":\"SearchAction\",\"target\":{\"@type\":\"EntryPoint\",\"urlTemplate\":\"https:\/\/altorecruit.com\/es\/?s={search_term_string}\"},\"query-input\":\"required name=search_term_string\"}],\"inLanguage\":\"es\"},{\"@type\":\"Organization\",\"@id\":\"https:\/\/altorecruit.com\/es\/#organization\",\"name\":\"Altorecruit\",\"url\":\"https:\/\/altorecruit.com\/es\/\",\"logo\":{\"@type\":\"ImageObject\",\"inLanguage\":\"es\",\"@id\":\"https:\/\/altorecruit.com\/es\/#\/schema\/logo\/image\/\",\"url\":\"https:\/\/altorecruit.com\/wp-content\/uploads\/2020\/02\/Logo-personal.png\",\"contentUrl\":\"https:\/\/altorecruit.com\/wp-content\/uploads\/2020\/02\/Logo-personal.png\",\"width\":747,\"height\":162,\"caption\":\"Altorecruit\"},\"image\":{\"@id\":\"https:\/\/altorecruit.com\/es\/#\/schema\/logo\/image\/\"},\"sameAs\":[\"https:\/\/www.linkedin.com\/company\/altorecruit\/\"]}]}<\/script>\n<!-- \/ Yoast SEO plugin. -->","yoast_head_json":{"title":"Pol\u00edtica de Cookies - Altorecruit","robots":{"index":"noindex","follow":"nofollow"},"og_locale":"es_ES","og_type":"article","og_title":"Pol\u00edtica de Cookies - Altorecruit","og_description":"Las cookies son peque\u00f1as cantidades de informaci\u00f3n que se almacenan en el navegador utilizado por cada usuario para que el servidor recuerde cierta informaci\u00f3n que posteriormente pueda utilizar. TIPOS DE COOKIES QUE UTILIZAMOS Esta p\u00e1gina web utiliza cookies de terceros que son aquellas que se env\u00edan a tu ordenador o terminal desde un dominio o [&hellip;]","og_url":"https:\/\/altorecruit.com\/es\/politica-de-cookies\/","og_site_name":"Altorecruit","article_modified_time":"2023-12-29T17:30:27+00:00","og_image":[{"width":512,"height":512,"url":"https:\/\/altorecruit.com\/wp-content\/uploads\/2020\/02\/cropped-cropped-altore-2-1.png","type":"image\/png"}],"twitter_card":"summary_large_image","twitter_misc":{"Tiempo de lectura":"2 minutos"},"schema":{"@context":"https:\/\/schema.org","@graph":[{"@type":"WebPage","@id":"https:\/\/altorecruit.com\/es\/politica-de-cookies\/","url":"https:\/\/altorecruit.com\/es\/politica-de-cookies\/","name":"Pol\u00edtica de Cookies - Altorecruit","isPartOf":{"@id":"https:\/\/altorecruit.com\/es\/#website"},"datePublished":"2021-07-23T11:53:21+00:00","dateModified":"2023-12-29T17:30:27+00:00","breadcrumb":{"@id":"https:\/\/altorecruit.com\/es\/politica-de-cookies\/#breadcrumb"},"inLanguage":"es","potentialAction":[{"@type":"ReadAction","target":["https:\/\/altorecruit.com\/es\/politica-de-cookies\/"]}]},{"@type":"BreadcrumbList","@id":"https:\/\/altorecruit.com\/es\/politica-de-cookies\/#breadcrumb","itemListElement":[{"@type":"ListItem","position":1,"name":"Portada","item":"https:\/\/altorecruit.com\/es\/"},{"@type":"ListItem","position":2,"name":"Pol\u00edtica de Cookies"}]},{"@type":"WebSite","@id":"https:\/\/altorecruit.com\/es\/#website","url":"https:\/\/altorecruit.com\/es\/","name":"Altorecruit","description":"International Recruitment Specialists","publisher":{"@id":"https:\/\/altorecruit.com\/es\/#organization"},"potentialAction":[{"@type":"SearchAction","target":{"@type":"EntryPoint","urlTemplate":"https:\/\/altorecruit.com\/es\/?s={search_term_string}"},"query-input":"required name=search_term_string"}],"inLanguage":"es"},{"@type":"Organization","@id":"https:\/\/altorecruit.com\/es\/#organization","name":"Altorecruit","url":"https:\/\/altorecruit.com\/es\/","logo":{"@type":"ImageObject","inLanguage":"es","@id":"https:\/\/altorecruit.com\/es\/#\/schema\/logo\/image\/","url":"https:\/\/altorecruit.com\/wp-content\/uploads\/2020\/02\/Logo-personal.png","contentUrl":"https:\/\/altorecruit.com\/wp-content\/uploads\/2020\/02\/Logo-personal.png","width":747,"height":162,"caption":"Altorecruit"},"image":{"@id":"https:\/\/altorecruit.com\/es\/#\/schema\/logo\/image\/"},"sameAs":["https:\/\/www.linkedin.com\/company\/altorecruit\/"]}]}},"_links":{"self":[{"href":"https:\/\/altorecruit.com\/es\/wp-json\/wp\/v2\/pages\/2081"}],"collection":[{"href":"https:\/\/altorecruit.com\/es\/wp-json\/wp\/v2\/pages"}],"about":[{"href":"https:\/\/altorecruit.com\/es\/wp-json\/wp\/v2\/types\/page"}],"author":[{"embeddable":true,"href":"https:\/\/altorecruit.com\/es\/wp-json\/wp\/v2\/users\/6"}],"replies":[{"embeddable":true,"href":"https:\/\/altorecruit.com\/es\/wp-json\/wp\/v2\/comments?post=2081"}],"version-history":[{"count":4,"href":"https:\/\/altorecruit.com\/es\/wp-json\/wp\/v2\/pages\/2081\/revisions"}],"predecessor-version":[{"id":2085,"href":"https:\/\/altorecruit.com\/es\/wp-json\/wp\/v2\/pages\/2081\/revisions\/2085"}],"wp:attachment":[{"href":"https:\/\/altorecruit.com\/es\/wp-json\/wp\/v2\/media?parent=2081"}],"curies":[{"name":"wp","href":"https:\/\/api.w.org\/{rel}","templated":true}]}}